{"id":42,"date":"2020-03-27T15:59:57","date_gmt":"2020-03-27T15:59:57","guid":{"rendered":"http:\/\/www.giellepipharma.it\/staging\/?page_id=42"},"modified":"2024-05-15T08:43:47","modified_gmt":"2024-05-15T08:43:47","slug":"internazionale","status":"publish","type":"page","link":"http:\/\/www.giellepipharma.it\/staging\/?page_id=42","title":{"rendered":"internazionale"},"content":{"rendered":"\n<div style=\"height:30px\" aria-hidden=\"true\" class=\"wp-block-spacer\"><\/div>\n\n\n\n<p><strong>Internazionale<\/strong><\/p>\n\n\n\n<p>Giellepi pharmaceuticals dispone di strutture operative sui mercati indiano e cinese.<br>Tali strutture svolgono attivit\u00e0 di sourcing e auditing di societ\u00e0 produttrici affidabili con elevato livello qualitativo, che riescono a garantire un&#8217;ottima competitivit\u00e0.<\/p>\n\n\n\n<p><strong>Rappresentanze<\/strong><\/p>\n\n\n\n<p>Oltre a relazioni pluriennali con societ\u00e0 multinazionali produttrici di intermedi e principi attivi, Giellepi pharmaceuticals rappresenta alcune aziende riconosciute per la costante qualit\u00e0 dei prodotti e per la ricchezza di gamma.<\/p>\n\n\n\n<p>Nel settore farmaceutico Giellepi pharmaceuticals offre servizi di distribuzione in esclusiva.<br>Offre inoltre servizi di intermediazione e consulenza che comprendono la fornitura di Dossier di registrazione.<\/p>\n\n\n\n<p><strong>PARTNER:<\/strong><\/p>\n\n\n\n<p><strong><a rel=\"noreferrer noopener\" href=\"https:\/\/amilifesciences.com\/\" data-type=\"URL\" data-id=\"https:\/\/amilifesciences.com\/\" target=\"_blank\">Ami Lifesciences Pvt. Ltd.<\/a><\/strong> \/ India<br><a rel=\"noreferrer noopener\" href=\"http:\/\/www.arveelabs.com\/\" target=\"_blank\"><strong>ARVEE LABS<\/strong><\/a>\u00a0\/ India<br><a rel=\"noreferrer noopener\" href=\"http:\/\/www.biocon.com\/\" target=\"_blank\"><strong>BIOCON<\/strong><\/a>\u00a0\/ India<br><strong>CHIMIA<\/strong>\u00a0\/ Cina<br><a rel=\"noreferrer noopener\" href=\"http:\/\/www.drreddys.com\/\" target=\"_blank\"><strong>DR. REDDY&#8217;S<\/strong><\/a>\u00a0\/ India<br><a rel=\"noreferrer noopener\" href=\"https:\/\/www.emcure.com\/\" data-type=\"URL\" data-id=\"https:\/\/www.emcure.com\/\" target=\"_blank\"><strong>Emcure Pharmaceuticals Ltd<\/strong><\/a> \/ India<br><a rel=\"noreferrer noopener\" href=\"http:\/\/www.fermentabiotech.com\/\" target=\"_blank\"><strong>FERMENTA BIOTECH<\/strong><\/a>\u00a0\/ India<br><strong><a rel=\"noreferrer noopener\" href=\"http:\/\/www.heyl-berlin.de\/\" target=\"_blank\">HEYL CHEMISCH-PHARMAZEUTISCHE FABRIK<\/a><\/strong>\u00a0\/ Germania<br><strong><a rel=\"noreferrer noopener\" href=\"https:\/\/htlbiotech.com\/\" target=\"_blank\">HTL Biotech<\/a><\/strong>\u00a0\/ Francia<br><strong><a rel=\"noreferrer noopener\" href=\"https:\/\/www.iolcp.com\/\" data-type=\"URL\" data-id=\"https:\/\/www.iolcp.com\/\" target=\"_blank\">IOL Chemicals and Pharmaceuticals Limited<\/a><\/strong> \/ India<br><a rel=\"noreferrer noopener\" href=\"http:\/\/www.jubilantindustries.com\/\" target=\"_blank\"><strong>JUBILANT<\/strong><\/a>\u00a0\/ India<br><a rel=\"noreferrer noopener\" href=\"http:\/\/www.pharosgr.gr\/\" target=\"_blank\"><strong>PHAROS<\/strong><\/a>\/ Grecia (per Dossier di registrazione)<br><a rel=\"noreferrer noopener\" href=\"http:\/\/www.synthesia.eu\/eng\" target=\"_blank\"><strong>SYNTHESIA<\/strong><\/a>\u00a0\/ Repubblica Ceca<br><a rel=\"noreferrer noopener\" href=\"http:\/\/vuos.com\/en\/\" target=\"_blank\"><strong>VUOS<\/strong><\/a>\/ Repubblica Ceca<\/p>\n","protected":false},"excerpt":{"rendered":"<p>Internazionale Giellepi pharmaceuticals dispone di strutture operative sui mercati indiano e cinese.Tali strutture svolgono attivit\u00e0 di sourcing e auditing di societ\u00e0 produttrici affidabili con elevato livello qualitativo, che riescono a garantire un&#8217;ottima competitivit\u00e0. Rappresentanze Oltre a relazioni pluriennali con societ\u00e0 multinazionali produttrici di intermedi e principi attivi, Giellepi pharmaceuticals rappresenta alcune aziende riconosciute per la&hellip;<\/p>\n","protected":false},"author":1,"featured_media":0,"parent":344,"menu_order":0,"comment_status":"closed","ping_status":"closed","template":"templates\/template-full-width.php","meta":{"footnotes":""},"class_list":["post-42","page","type-page","status-publish","hentry"],"jetpack_sharing_enabled":true,"publishpress_future_action":{"enabled":false,"date":"2026-04-16 21:14:26","action":"change-status","newStatus":"draft","terms":[],"taxonomy":"language","extraData":[]},"publishpress_future_workflow_manual_trigger":{"enabledWorkflows":[]},"_links":{"self":[{"href":"http:\/\/www.giellepipharma.it\/staging\/index.php?rest_route=\/wp\/v2\/pages\/42","targetHints":{"allow":["GET"]}}],"collection":[{"href":"http:\/\/www.giellepipharma.it\/staging\/index.php?rest_route=\/wp\/v2\/pages"}],"about":[{"href":"http:\/\/www.giellepipharma.it\/staging\/index.php?rest_route=\/wp\/v2\/types\/page"}],"author":[{"embeddable":true,"href":"http:\/\/www.giellepipharma.it\/staging\/index.php?rest_route=\/wp\/v2\/users\/1"}],"replies":[{"embeddable":true,"href":"http:\/\/www.giellepipharma.it\/staging\/index.php?rest_route=%2Fwp%2Fv2%2Fcomments&post=42"}],"version-history":[{"count":9,"href":"http:\/\/www.giellepipharma.it\/staging\/index.php?rest_route=\/wp\/v2\/pages\/42\/revisions"}],"predecessor-version":[{"id":1251,"href":"http:\/\/www.giellepipharma.it\/staging\/index.php?rest_route=\/wp\/v2\/pages\/42\/revisions\/1251"}],"up":[{"embeddable":true,"href":"http:\/\/www.giellepipharma.it\/staging\/index.php?rest_route=\/wp\/v2\/pages\/344"}],"wp:attachment":[{"href":"http:\/\/www.giellepipharma.it\/staging\/index.php?rest_route=%2Fwp%2Fv2%2Fmedia&parent=42"}],"curies":[{"name":"wp","href":"https:\/\/api.w.org\/{rel}","templated":true}]}}